{"id":161,"date":"2016-04-17T00:00:00","date_gmt":"2016-04-16T22:00:00","guid":{"rendered":"http:\/\/juliettecharpentier.fr\/gertrudes\/gertrude-travail-actuel-p867488\/"},"modified":"2025-03-11T17:56:33","modified_gmt":"2025-03-11T16:56:33","slug":"gertrude-travail-actuel-p867488","status":"publish","type":"page","link":"https:\/\/juliettecharpentier.fr\/gertrudes\/gertrude-travail-actuel-p867488\/","title":{"rendered":"Gertrude, travail actuel."},"content":{"rendered":"<p><span style=\"font-family: arial black, sans-serif; font-size: 14pt;\">Juliette Charpentier est plasticienne.<br \/>\nDipl\u00f4m\u00e9e des Beaux Arts, Juliette Charpentier est \u00e9galement agr\u00e9g\u00e9e en Arts Plastiques et certifi\u00e9e en\u00a0 Histoire des Arts.<\/span><\/p>\n<p class=\"MsoTitle\" style=\"text-align: center;\"><strong><span style=\"font-size: 14pt; font-family: times new roman,times,serif;\">GERTRUDE<\/span><\/strong><\/p>\n<p class=\"MsoTitle\" style=\"text-align: center;\"><strong><span style=\"font-family: times new roman,times,serif; font-size: 14pt;\">Pr\u00e9sentation<\/span><\/strong><\/p>\n<p style=\"text-indent: 35.4pt;\"><strong><span style=\"font-family: times new roman,times,serif; font-size: 14pt;\">\u00a0Depuis plusieurs ann\u00e9es, mon travail plastique s\u2019intitule <em>Gertrude<\/em><span style=\"font-style: normal;\">.<\/span><\/span><\/strong><\/p>\n<p style=\"text-indent: 35.4pt;\"><strong><span style=\"font-size: 14pt; font-family: times new roman,times,serif;\">Gertrude est un cr\u00e2ne humain que j\u2019ai acquis, il y a environ quarante ans lors de circonstances particuli\u00e8res \u00e0 mon histoire personnelle.<\/span><\/strong><\/p>\n<p style=\"text-indent: 35.4pt;\"><strong><span style=\"font-size: 14pt; font-family: times new roman,times,serif;\">Gertrude est en m\u00eame temps un motif \u00e0 travers ma pratique plastique engageant dessin, peinture, assemblage, broderie, photographie, vid\u00e9o mais est aussi depuis plus de douze ans objet et sujet d\u2019une fiction sur Internet, \u00e0 travers trois blogs s\u00e9par\u00e9s et depuis quelques ann\u00e9es sur un seul blog mais avec trois \u00ab\u00a0personnalit\u00e9s\u00a0\u00bb de r\u00e9dacteur diff\u00e9rentes.<br \/>\n<\/span><\/strong><\/p>\n<p style=\"text-indent: 35.4pt;\"><strong><span style=\"font-size: 14pt; font-family: times new roman,times,serif;\">Les travaux plastiques concernant Gertrude, m\u00eame s\u2019ils peuvent \u00eatre consid\u00e9r\u00e9s individuellement, ont \u00e9t\u00e9 r\u00e9alis\u00e9s dans le cadre de cette fiction et s\u2019articulent souvent dans une logique de d\u00e9roulement temporel et d\u2019interaction qu\u2019entra\u00eenent les relations avec les autres internautes. Toujours \u00ab\u00a0<em>vanit\u00e9s<\/em><span style=\"font-style: normal;\">\u00a0\u00bb en filigrane, les r\u00e9alisations m\u00ealent les repr\u00e9sentations de ce cr\u00e2ne avec des objets trouv\u00e9s sur Internet ou lors de vide-greniers ou dans les bennes \u00e0 ordures, objets porteurs de m\u00e9moires ou de fragments d\u2019histoire. Les r\u00e9alisations s\u2019intitulent<\/span> <em>Reliques, Gertrudom\u00e8tres, Ouvrages de dames,<\/em> <em>Compositions en boites<\/em> <span style=\"font-style: normal;\">et c\u2026<\/span><\/span><\/strong><\/p>\n<p style=\"text-indent: 35.4pt;\"><strong><span style=\"font-size: 14pt; font-family: times new roman,times,serif;\">Elles font toujours r\u00e9f\u00e9rence \u00e0 des situations, des rencontres, des personnalit\u00e9s d\u2019interlocuteurs ou autres \u00e9v\u00e8nements\u00a0 survenus dans le \u00ab\u00a0parcours\u00a0\u00bb de Gertrude.<\/span><\/strong><\/p>\n<p style=\"text-indent: 35.4pt;\"><strong><span style=\"font-size: 14pt; font-family: times new roman,times,serif;\">La devise de cette aventure\u00a0 est\u00a0: \u00ab\u00a0<em>Rien n\u2019\u00e9tait pr\u00e9vu, mais rien ne sera laiss\u00e9 au hasard\u00a0<\/em><span style=\"font-style: normal;\">\u00bb.<\/span><\/span><\/strong><\/p>\n<p style=\"text-indent: 35.4pt;\"><strong><span style=\"font-size: 14pt; font-family: times new roman,times,serif;\">De nombreuses photographies et vid\u00e9os mettent le cr\u00e2ne lui-m\u00eame en sc\u00e8ne selon la m\u00eame logique.<\/span><\/strong><\/p>\n<p><strong><span style=\"font-size: 14pt; font-family: times new roman,times,serif;\">Des textes sont souvent associ\u00e9s \u00e0 cette pratique.<\/span><\/strong><\/p>\n<p style=\"text-align: left;\"><strong><span style=\"font-family: times new roman,times,serif; font-size: 14pt;\">Les trois sites ou blogs Internet ont \u00e9t\u00e9 pendant six ans et demi h\u00e9berg\u00e9s par Overblog puis pendant deux ans par Eklablog; suite \u00e0 la politique de ces deux h\u00e9bergeurs d&rsquo;imposer de la publicit\u00e9 \u00e0 ses internautes, les trois blogs ont d\u00e9finitivement fusionn\u00e9s chez l&rsquo;h\u00e9bergeur OVH en un seul site <em>Le blog de GertrudeS <\/em>.<br \/>\n<\/span><\/strong><\/p>\n<p style=\"text-align: center;\"><strong><span style=\"font-family: times new roman,times,serif; font-size: 14pt;\"><a href=\"https:\/\/juliettecharpentier.fr\/gertrudes\/\">https:\/\/juliettecharpentier.fr\/gertrudes<\/a><\/span><\/strong><\/p>\n<p style=\"text-align: left;\"><strong><span style=\"font-size: 14pt; font-family: times new roman,times,serif;\">sous le d\u00e9nominateur commun<br \/>\n<\/span><\/strong><\/p>\n<p style=\"text-align: center;\"><strong><span style=\"font-size: 14pt; font-family: times new roman,times,serif;\"> <a href=\"http:\/\/juliettecharpentier.fr\">http:\/\/juliettecharpentier.fr<\/a><\/span><\/strong><\/p>\n<p style=\"text-align: left;\"><strong><span style=\"font-size: 14pt; font-family: times new roman,times,serif;\">\u00e0 partir duquel il est possible de se rendre sur deux autres sites: le compte-rendu objectif de mes activit\u00e9s plastiques et ma pratique photographique.<br \/>\n<span style=\"color: #ff0000;\">ATTENTION:<\/span><br \/>\n<span style=\"color: #ff0000;\">\u00c0 la suite des diff\u00e9rentes migrations sur diff\u00e9rentes plateformes certains liens, images ou vid\u00e9os ne fonctionnent plus. Que le visiteur m&rsquo;excuse de ces contretemps qui font partie des dommages collat\u00e9raux des p\u00e9rip\u00e9ties d&rsquo;un blog vieux de plusieurs d\u00e9cennies.<\/span><br \/>\n<\/span><\/strong><\/p>\n<p style=\"text-align: center;\"><strong><span style=\"font-family: times new roman,times,serif; font-size: 14pt;\">&#8212;&#8212;&#8212;&#8212;&#8212;&#8212;&#8212;&#8212;&#8212;&#8212;&#8212;&#8212;&#8212;&#8212;&#8212;&#8212;&#8212;&#8212;&#8212;&#8212;&#8212;&#8211;<\/span><\/strong><\/p>\n<p style=\"text-align: center;\"><strong><span style=\"font-size: 14pt; color: #000000; font-family: times new roman,times,serif;\">L\u2019entreprise \u00ab\u00a0Gertrude\u00a0\u00bb<\/span><\/strong><\/p>\n<p style=\"text-align: left;\"><strong><span style=\"font-family: times new roman,times,serif; font-size: 14pt;\">Historique:<\/span><\/strong><\/p>\n<p><strong><span style=\"font-family: times new roman,times,serif; font-size: 14pt;\">\u00a0L\u2019aventure de \u00ab\u00a0Gertrude en ligne\u00a0\u00bb comprenait jusqu&rsquo;en avril 2016 trois \u00ab\u00a0blogs\u00a0\u00bb s\u00e9par\u00e9s, journaux \u00ab\u00a0intimes\u00a0\u00bb virtuels et ouverts \u00e0 tous, o\u00f9 chacun pouvait s\u2019exprimer.<\/span><\/strong><\/p>\n<p><strong><span style=\"font-size: 14pt; font-family: times new roman,times,serif;\">Le premier de ces blogs \u00e9tait \u00ab\u00a0<em>Le blog de Gertrude\u00a0<\/em><span style=\"font-style: normal;\">\u00bb : <\/span>c\u2019\u00e9tait le blog principal o\u00f9 Gertrude exposait, se racontait, se montrait \u00e0 travers des publications de mises en sc\u00e8nes et de travaux plastiques associ\u00e9s \u00e0 des jeux de mots, des phrases, des textes\u00a0; les articles \u00e9taient publi\u00e9s autour \u00ab\u00a0d\u2019\u00e9v\u00e8nements\u00a0\u00bb arbitraires ou suscit\u00e9s par l\u2019interaction avec d\u2019autres \u00ab\u00a0blogueurs\u00a0\u00bb. Par ce biais Gertrude \u00ab\u00a0communiquait \u00bb avec ses interlocuteurs et se constituait une histoire vaine et absurde sur les ruines de sa m\u00e9moire perdue.<\/span><\/strong><\/p>\n<p><strong><span style=\"font-size: 14pt; font-family: times new roman,times,serif;\">Le deuxi\u00e8me blog \u00e9tait celui de <em>Gertrude Rose<\/em><span style=\"font-style: normal;\">, <\/span>une Gertrude \u00ab\u00a0<em>approximative<\/em><span style=\"font-style: normal;\">\u00a0\u00bb en r\u00e9f\u00e9rence \u00e0 la<\/span> <em>Rrose S\u00e9lavy<\/em> <span style=\"font-style: normal;\">de Marcel Duchamp. Ce blog, cr\u00e9\u00e9 quelques mois apr\u00e8s le premier, avait pour mission de se moquer de Gertrude quand cette derni\u00e8re devenait un peu trop \u00ab\u00a0s\u00e9rieuse\u00a0\u00bb.<\/span><\/span><\/strong><\/p>\n<p><strong><span style=\"font-size: 14pt; font-family: times new roman,times,serif;\">Le troisi\u00e8me blog \u00e9tait celui de <em>Gertrude Noire<\/em><span style=\"font-style: normal;\">, <\/span>ce fut le dernier cr\u00e9\u00e9. Espace o\u00f9 le noir r\u00e8gne\u00a0: il endossait le st\u00e9r\u00e9otype de la mort tout en jouant souvent l\u2019ambigu\u00eft\u00e9 entre \u00c9ros et Thanatos et avec les superpositions de ma propre image avec celle de Gertrude. C\u2019\u00e9tait l\u2019\u00e9l\u00e9ment \u00ab\u00a0absorbant\u00a0\u00bb de l\u2019in\u00e9vitable aspect fun\u00e8bre de l\u2019entreprise.<\/span><\/strong><\/p>\n<p><strong><span style=\"font-size: 14pt; font-family: times new roman,times,serif;\">Les publications sur les trois blogs paraissaient la plupart du temps de fa\u00e7on simultan\u00e9e, afin de donner trois \u00e9clairages diff\u00e9rents sur chaque situation \u00e9voqu\u00e9e.<\/span><\/strong><\/p>\n<p><strong><span style=\"font-family: times new roman,times,serif; font-size: 14pt;\">Actuellement: <\/span><\/strong><\/p>\n<p><strong><span style=\"font-family: times new roman,times,serif; font-size: 14pt;\">Les trois blogs de Gertrude ont fusionn\u00e9 pour devenir Le blog de GertrudeS, blog pluriel o\u00f9 les trois personnalit\u00e9s de Gertrude restent distinctes. Elles sont les trois r\u00e9dactrices du blog et s&rsquo;expriment \u00e0 tour de r\u00f4le selon l&rsquo;humeur et les influences du moment. <\/span><\/strong><\/p>\n<p><strong><span style=\"font-family: times new roman,times,serif; font-size: 14pt;\">\u00c0 l&rsquo;heure actuelle,\u00a0 1069 articles ont \u00e9t\u00e9 publi\u00e9s et l\u2019entreprise a fait l\u2019objet de 20560 commentaires (mise \u00e0 jour le 03\/03\/25).<\/span><\/strong><\/p>\n<p><strong><span style=\"font-size: 14pt; font-family: times new roman,times,serif;\">L\u2019exp\u00e9rience \u00ab\u00a0Gertrude en ligne\u00a0\u00bb est une forme de vanit\u00e9 en soi\u00a0qui se construit au jour le jour, faisant son miel de toutes les traverses hasardeuses offertes par les circonstances: d\u00e9marche apor\u00e9tique, elle se d\u00e9finit depuis ses d\u00e9buts sur la base d\u2019une recherche impossible (retrouver une m\u00e9moire \u00e0 jamais perdue) et sur la scansion d\u2019une temporalit\u00e9 arbitraire\u00a0; personnage ambigu\u00eb et l\u00e9g\u00e8rement ridicule, Gertrude oscille entre l\u2019\u00e9tat d\u2019objet du jeu et sujet dans la confusion avec ma propre personne \u00a0;\u00a0 Elle est devenu au fil du temps un objet virtuel prolif\u00e9rant \u00e0 trois t\u00eates, tout \u00e0 fait inutile et vain.<\/span><\/strong><\/p>\n<p><strong><span style=\"font-family: times new roman,times,serif; font-size: 14pt;\">Un quatri\u00e8me \u00ab\u00a0blog\u00a0\u00bb a \u00e9t\u00e9 cr\u00e9\u00e9\u00a0dont le but est de rendre compte de mani\u00e8re neutre et chronologique de mes activit\u00e9s plastiques depuis 1985\u00a0; install\u00e9 lui aussi r\u00e9cemment sous le domaine <a href=\"http:\/\/juliettecharpentier.fr\">juliettecharpentier.fr<\/a>, il s\u2019agit du <em>Blog de Juliette Charpentier:<a href=\"http:\/\/juliettecharpentier.fr\/blog\"> http:\/\/juliettecharpentier.fr\/blog<\/a><br \/>\n<\/em><\/span><\/strong><\/p>\n<h1 style=\"text-align: center;\"><strong><span style=\"font-size: 14pt; color: #000000; font-family: times new roman,times,serif;\">Les r\u00e9alisations \u00ab\u00a0Gertrude\u00a0\u00bb<\/span><\/strong><\/h1>\n<p><strong><span style=\"font-size: 14pt; font-family: times new roman,times,serif;\">Les r\u00e9alisations autour de Gertrude se d\u00e9clinent en plusieurs cat\u00e9gories\u00a0:<\/span><\/strong><\/p>\n<p style=\"margin-left: 36pt; text-indent: -18pt;\"><strong><span style=\"font-size: 14pt; font-family: times new roman,times,serif;\">&#8211;<span style=\"font-style: normal; font-variant: normal; line-height: normal; font-size-adjust: none; font-stretch: normal;\">\u00a0\u00a0\u00a0\u00a0\u00a0\u00a0<\/span> <em>Les Reliques<\/em><\/span><\/strong><\/p>\n<p style=\"margin-left: 36pt; text-indent: -18pt;\"><strong><span style=\"font-size: 14pt; font-family: times new roman,times,serif;\">&#8211;<span style=\"font-style: normal; font-variant: normal; line-height: normal; font-size-adjust: none; font-stretch: normal;\">\u00a0\u00a0\u00a0\u00a0\u00a0\u00a0<\/span> <em>Les Gertrudom\u00e8tres<\/em><\/span><\/strong><\/p>\n<p style=\"margin-left: 36pt; text-indent: -18pt;\"><strong><span style=\"font-size: 14pt; font-family: times new roman,times,serif;\">&#8211;<span style=\"font-style: normal; font-variant: normal; line-height: normal; font-size-adjust: none; font-stretch: normal;\">\u00a0\u00a0\u00a0\u00a0\u00a0\u00a0<\/span> <em>Les Ouvrages de dames<\/em><\/span><\/strong><\/p>\n<p style=\"margin-left: 36pt; text-indent: -18pt;\"><strong><span style=\"font-size: 14pt; font-family: times new roman,times,serif;\">&#8211;<span style=\"font-style: normal; font-variant: normal; line-height: normal; font-size-adjust: none; font-stretch: normal;\">\u00a0\u00a0\u00a0\u00a0\u00a0\u00a0<\/span> <em>Les Peintures et les r\u00e9alisations or, cendre et bitume<\/em><span style=\"font-style: normal;\">\u00a0<\/span><\/span><\/strong><\/p>\n<p style=\"margin-left: 36pt; text-indent: -18pt;\"><strong><span style=\"font-size: 14pt; font-family: times new roman,times,serif;\">&#8211;<span style=\"font-style: normal; font-variant: normal; line-height: normal; font-size-adjust: none; font-stretch: normal;\">\u00a0\u00a0\u00a0\u00a0\u00a0\u00a0<\/span> <em>Les mises en sc\u00e8nes photographiques<\/em><span style=\"font-style: normal;\">\u00a0<\/span><\/span><\/strong><\/p>\n<p style=\"margin-left: 36pt; text-indent: -18pt;\"><strong><span style=\"font-size: 14pt; font-family: times new roman,times,serif;\">&#8211;<span style=\"font-style: normal; font-variant: normal; line-height: normal; font-size-adjust: none; font-stretch: normal;\">\u00a0\u00a0\u00a0\u00a0\u00a0\u00a0<\/span> <em>Les vid\u00e9os<\/em><span style=\"font-style: normal;\">\u00a0<\/span><\/span><\/strong><\/p>\n<p style=\"margin-left: 36pt; text-indent: -18pt;\"><strong><span style=\"font-size: 14pt; font-family: times new roman,times,serif;\"><span style=\"font-style: normal;\">&#8211;\u00a0\u00a0\u00a0\u00a0\u00a0\u00a0 <em>Les CompOSitions po\u00ef\u00e9tiques en bo\u00eetes<\/em> (r\u00e9alisations r\u00e9centes)<\/span><\/span><\/strong><\/p>\n<p><strong><span style=\"font-size: 14pt; font-family: times new roman,times,serif;\"><em>\u00a0<\/em>Les \u00ab\u00a0<em>Reliques<\/em><span style=\"font-style: normal;\">\u00a0\u00bb se pr\u00e9sentent souvent sous la forme d\u2019assemblages ou de \u00ab\u00a0bricolages\u00a0\u00bb, o\u00f9 des objets usag\u00e9s, achet\u00e9s\u00a0 sur Internet et dans les vide-greniers\u00a0 sont associ\u00e9s \u00e0 des repr\u00e9sentations de Gertrude, comme une appropriation par cette derni\u00e8re des petites histoires et fragments de m\u00e9moire dont ils sont porteurs.<\/span><\/span><\/strong><\/p>\n<p><strong><span style=\"font-size: 14pt; font-family: times new roman,times,serif;\">Toujours opportunistes des situations du moment, ces bricolages prennent aussi en compte divers objets \u00ab\u00a0offerts\u00a0\u00bb \u00e0 Gertrude par ses interlocuteurs.<\/span><\/strong><\/p>\n<p><strong><span style=\"font-size: 14pt; font-family: times new roman,times,serif;\">Les \u00ab\u00a0<em>Gertrudom\u00e8tres<\/em><span style=\"font-style: normal;\">\u00a0\u00bb sont des r\u00e9alisations qui m\u00ealent des repr\u00e9sentations de Gertrude \u00e0 des fonctionnements scientifiques absurdes, sortes d\u2019instruments de mesure improbables et m\u00e9taphoriques. Elles font r\u00e9f\u00e9rence au pass\u00e9 \u00ab\u00a0objectif\u00a0\u00bb de Gertrude , femme inconnue ayant l\u00e9gu\u00e9 son corps \u00e0 la science.<\/span><\/span><\/strong><\/p>\n<p><strong><span style=\"font-size: 14pt; font-family: times new roman,times,serif;\">Les \u00ab\u00a0<em>Ouvrages de dames\u00a0<\/em><span style=\"font-style: normal;\">\u00bb sont des travaux de broderie et de couture. Certains sont \u00e9galement de petites peintures \u00e0 l\u2019huile sur des ouvrages brod\u00e9s achet\u00e9s sur Internet. Ces r\u00e9alisations\u00a0 sont \u00e9vocatrices\u00a0 du temps qui passe, temps \u00ab\u00a0tu\u00e9\u00a0\u00bbpar des activit\u00e9s\u00a0 r\u00e9p\u00e9titives, remplisseuses et vaines.<\/span><\/span><\/strong><\/p>\n<p><strong><span style=\"font-size: 14pt; font-family: times new roman,times,serif;\">Les \u00ab\u00a0<em>Peintures<\/em><span style=\"font-style: normal;\">\u00a0\u00bb sont des travaux\u00a0 picturaux autour de la repr\u00e9sentation de Gertrude principalement\u00a0 r\u00e9alis\u00e9s \u00e0 l\u2019huile sur divers supports, mais d\u00e9signent aussi certaines pi\u00e8ces \u00e0 plat ou en volume\u00a0 autour de mat\u00e9riaux r\u00e9currents\u00a0 dans ma pratique depuis 1984 tels l\u2019or, la cendre et le bitume.<\/span><\/span><\/strong><\/p>\n<p><strong><span style=\"font-size: 14pt; font-family: times new roman,times,serif;\">Les <em>mises en sc\u00e8nes photographiques<\/em> <span style=\"font-style: normal;\">sont des r\u00e9alisations virtuelles uniquement produites dans le cadre de la mise en ligne de Gertrude\u00a0; elles font toutes r\u00e9f\u00e9rences \u00e0 Gertrude \u00e0 travers des dispositifs vari\u00e9s m\u00ealant\u00a0 l\u2019image du cr\u00e2ne, parfois ma propre image et certains objets devenus embl\u00e9matiques de cette aventure.<\/span><\/span><\/strong><\/p>\n<p><strong><span style=\"font-size: 14pt; font-family: times new roman,times,serif;\">Les <em>vid\u00e9os<\/em> <span style=\"font-style: normal;\">sont pour la plupart de petites exp\u00e9riences film\u00e9es ou des \u00ab\u00a0performances en chambre\u00a0\u00bb mettant en sc\u00e8ne de mani\u00e8re plus ou moins m\u00e9taphorique les \u00ab\u00a0activit\u00e9s\u00a0\u00bb autour de la production \u00ab\u00a0Gertrude\u00a0\u00bb.<\/span><\/span><\/strong><\/p>\n<p><strong><span style=\"font-size: 14pt; font-family: times new roman,times,serif;\"><span style=\"font-style: normal;\">Les <em>CompOSitions po\u00ef\u00e9tiques en bo\u00eetes,<\/em> apparues plus r\u00e9cemment, s&rsquo;apparentent aux Gertrudom\u00e8tres par la pseudo-logique scientifique qui semble les sous-tendre. Comme leur nom l&rsquo;indique, il s&rsquo;agit de compositions autour de l&rsquo;objet \u00ab\u00a0bo\u00eete\u00a0\u00bb prenant en compte les aspects int\u00e9rieur et ext\u00e9rieur de cette derni\u00e8re autant que son analogie \u00e0 la bo\u00eete cr\u00e2nienne. Elle ont, \u00e9galement, l&rsquo;avantage d&rsquo;utiliser au mieux ma manie de collectionner les contenants.<\/span><\/span><\/strong><\/p>\n<p><strong><span style=\"font-size: 14pt; font-family: times new roman,times,serif;\"><span style=\"font-style: normal;\">D&rsquo;autres cat\u00e9gories gertrudiennes voient ou verront le jour au fil du temps&#8230;. (\u00e0 suivre&#8230;)<\/span><\/span><\/strong><\/p>\n<p><strong><span style=\"font-size: 14pt; font-family: times new roman,times,serif;\"><span style=\"font-style: normal;\">\u00a0<\/span><\/span><\/strong><\/p>\n","protected":false},"excerpt":{"rendered":"<p>Juliette Charpentier est plasticienne. Dipl\u00f4m\u00e9e des Beaux Arts, Juliette Charpentier est \u00e9galement agr\u00e9g\u00e9e en Arts Plastiques et certifi\u00e9e en\u00a0 Histoire des Arts. GERTRUDE Pr\u00e9sentation \u00a0Depuis plusieurs ann\u00e9es, mon travail plastique s\u2019intitule Gertrude. Gertrude est un cr\u00e2ne humain que j\u2019ai acquis, il y a environ quarante ans lors de circonstances particuli\u00e8res \u00e0 mon histoire personnelle. Gertrude &hellip; <a href=\"https:\/\/juliettecharpentier.fr\/gertrudes\/gertrude-travail-actuel-p867488\/\" class=\"more-link\">Continuer la lecture<span class=\"screen-reader-text\"> de &laquo;&nbsp;Gertrude, travail actuel.&nbsp;&raquo;<\/span><\/a><\/p>\n","protected":false},"author":1,"featured_media":0,"parent":0,"menu_order":0,"comment_status":"open","ping_status":"open","template":"","meta":{"footnotes":""},"class_list":["post-161","page","type-page","status-publish","hentry"],"post_mailing_queue_ids":[],"_links":{"self":[{"href":"https:\/\/juliettecharpentier.fr\/gertrudes\/wp-json\/wp\/v2\/pages\/161","targetHints":{"allow":["GET"]}}],"collection":[{"href":"https:\/\/juliettecharpentier.fr\/gertrudes\/wp-json\/wp\/v2\/pages"}],"about":[{"href":"https:\/\/juliettecharpentier.fr\/gertrudes\/wp-json\/wp\/v2\/types\/page"}],"author":[{"embeddable":true,"href":"https:\/\/juliettecharpentier.fr\/gertrudes\/wp-json\/wp\/v2\/users\/1"}],"replies":[{"embeddable":true,"href":"https:\/\/juliettecharpentier.fr\/gertrudes\/wp-json\/wp\/v2\/comments?post=161"}],"version-history":[{"count":11,"href":"https:\/\/juliettecharpentier.fr\/gertrudes\/wp-json\/wp\/v2\/pages\/161\/revisions"}],"predecessor-version":[{"id":4340,"href":"https:\/\/juliettecharpentier.fr\/gertrudes\/wp-json\/wp\/v2\/pages\/161\/revisions\/4340"}],"wp:attachment":[{"href":"https:\/\/juliettecharpentier.fr\/gertrudes\/wp-json\/wp\/v2\/media?parent=161"}],"curies":[{"name":"wp","href":"https:\/\/api.w.org\/{rel}","templated":true}]}}