{"id":267,"date":"2016-04-17T00:00:00","date_gmt":"2016-04-16T22:00:00","guid":{"rendered":"http:\/\/juliettecharpentier.fr\/gertrudes\/les-details-de-l-etagere-en-valise-p873842\/"},"modified":"2016-04-17T00:00:00","modified_gmt":"2016-04-16T22:00:00","slug":"les-details-de-l-etagere-en-valise-p873842","status":"publish","type":"page","link":"https:\/\/juliettecharpentier.fr\/gertrudes\/les-details-de-l-etagere-en-valise-p873842\/","title":{"rendered":"Les d\u00e9tails de l&rsquo;\u00e9tag\u00e8re en valise"},"content":{"rendered":"<p style=\"text-align: center;\">&nbsp;<\/p>\n<p style=\"text-align: center;\">&nbsp;<\/p>\n<p style=\"text-align: center;\">&nbsp;<\/p>\n<p style=\"text-align: center;\"><img loading=\"lazy\" decoding=\"async\" class=\"CtreTexte\" src=\"..\/ekladata.com\/7WGLn66JSGnf3I08L6O8_udPCpc@500x375.jpg\" alt=\"img 0717\" width=\"500\" height=\"375\"\/><\/p>\n<p style=\"text-align: center;\">&nbsp; <span style=\"font-size: 8pt;\"><strong><span style=\"font-family: times new roman,times;\">JC, maquette d&rsquo;&eacute;tag&egrave;re, &eacute;l&eacute;ments divers, colle, &eacute;chelle environ 1\/9&egrave;me.<\/span><\/strong><\/span><\/p>\n<p style=\"text-align: center;\">&nbsp;<\/p>\n<p style=\"text-align: center;\">&nbsp; <span style=\"font-family: arial black,avant garde; font-size: 12pt;\">O&ugrave; il est &eacute;vident que le Bricolage est une addiction et que l&rsquo;usage trop fr&eacute;quent de la colle tricomposant provoque des effets irr&eacute;versibles.<\/span><\/p>\n<p style=\"text-align: center;\">&nbsp;<\/p>\n<p style=\"text-align: center;\">&nbsp;<\/p>\n<p style=\"text-align: center;\"><span style=\"font-family: arial black,avant garde; font-size: 12pt;\">&nbsp;<\/span><\/p>\n<p style=\"text-align: center;\">&nbsp;<\/p>\n<p style=\"text-align: center;\"><img loading=\"lazy\" decoding=\"async\" class=\"CtreTexte\" src=\"..\/ekladata.com\/8oGf56xh8UhfgPx9kM9LV_pocWc@300x225.jpg\" alt=\"img_0718.jpg\" width=\"300\" height=\"225\"\/><\/p>\n<p style=\"text-align: center;\"><span style=\"font-family: times new roman,times; font-size: 8pt;\"><strong>&Eacute;tiquette d&rsquo;origine de l&rsquo;ancienne boite &agrave; bijoux.<\/strong><\/span><\/p>\n<p style=\"text-align: center;\">&nbsp;<\/p>\n<p style=\"text-align: center;\"><span style=\"font-family: arial black,avant garde; font-size: 12pt;\">Les interfaces intersticielles r&eacute;v&egrave;lent les origines suspectes des mises en boites de Gertrude et les palimpsestes douteux de sa m&eacute;moire.<\/span><\/p>\n<p style=\"text-align: center;\">&nbsp;<\/p>\n<p style=\"text-align: center;\">&nbsp;<\/p>\n<p style=\"text-align: center;\"><span style=\"font-family: arial black,avant garde; font-size: 12pt;\">&nbsp;<\/span><\/p>\n<p style=\"text-align: center;\">&nbsp;<\/p>\n<p style=\"text-align: center;\"><img loading=\"lazy\" decoding=\"async\" class=\"CtreTexte\" src=\"..\/ekladata.com\/1BKlhdjzptPgAFldP2-CF6ZqY50@235x300.jpg\" alt=\"img_0719.jpg\" width=\"235\" height=\"300\"\/><\/p>\n<p style=\"text-align: center;\"><span style=\"font-size: 8pt;\"><strong><span style=\"font-family: times new roman,times;\">Ancienne montre &agrave; gousset offerte &agrave; Gertrude par <a href=\"http:\/\/lefildarchal.over-blog.fr\">H&eacute;cate<\/a>.<\/span><\/strong><\/span><\/p>\n<p style=\"text-align: center;\">&nbsp;<\/p>\n<p style=\"text-align: center;\"><span style=\"font-family: arial black,avant garde; font-size: 12pt;\">Nous pouvons encore, et encore courir apr&egrave;s l&rsquo;illusion de l&rsquo;arr&ecirc;t du temps comme apr&egrave;s un pr&eacute;cieux moment magique.<\/span><\/p>\n<p style=\"text-align: center;\"><span style=\"font-family: arial black,avant garde; font-size: 12pt;\">Cela ne nous emp&ecirc;che pas de cuire un Neuf de temps en temps.<\/span><\/p>\n<p style=\"text-align: center;\">&nbsp;<\/p>\n<p style=\"text-align: center;\">&nbsp;<\/p>\n<p style=\"text-align: center;\"><span style=\"font-family: arial black,avant garde; font-size: 12pt;\">&nbsp;<\/span><\/p>\n<p style=\"text-align: center;\">&nbsp;<\/p>\n<p style=\"text-align: center;\"><img loading=\"lazy\" decoding=\"async\" class=\"CtreTexte\" src=\"..\/ekladata.com\/YEm5RN2jZLvs7SnLc3Rn3TB5Xm8@225x300.jpg\" alt=\"img_0722.jpg\" width=\"225\" height=\"300\"\/><\/p>\n<p style=\"text-align: center;\"><span style=\"font-family: times new roman,times; font-size: 8pt;\"><strong>Boussole modifi&eacute;e offerte &agrave; Gertrude par <span style=\"color: #0000ff;\"><a href=\"http:\/\/www.plaiethore.com\/\">Plaiethore.<\/a><\/span><\/strong><\/span><\/p>\n<p style=\"text-align: center;\">&nbsp;<\/p>\n<p style=\"text-align: center;\"><span style=\"font-family: arial black,avant garde; font-size: 12pt;\">Force est de constater le degr&eacute; de d&eacute;cale des interlocuteurs de Gertrude et la torsion dada et cigalis&eacute;e de ses acouph&egrave;nes.<\/span><\/p>\n<p style=\"text-align: center;\">&nbsp;<\/p>\n<p style=\"text-align: center;\">&nbsp;<\/p>\n<p style=\"text-align: center;\">&nbsp;<\/p>\n<p style=\"text-align: center;\">&nbsp;<\/p>\n<p style=\"text-align: center;\"><img loading=\"lazy\" decoding=\"async\" class=\"CtreTexte\" src=\"..\/ekladata.com\/U4IatGRve6ZYIO4eGEIRa4yHAek@500x444.jpg\" alt=\"img_0724.jpg\" width=\"500\" height=\"444\"\/><\/p>\n<p style=\"text-align: center;\"><span style=\"font-family: times new roman,times; font-size: 8pt;\"><strong>Diff&eacute;rents &eacute;l&eacute;ments offerts &agrave; Gertrude par ses interlocuteurs: <a href=\"http:\/\/mercerieambulante.typepad.com\"><span style=\"color: #ff0000;\"><em>mfd<\/em><\/span><\/a>, <a href=\"http:\/\/lefildarchal.over-blog.fr\">H&eacute;cate<\/a>, <a href=\"http:\/\/www.plaiethore.com\/\">Plaiethore<\/a> et le Navigateur inconnu.<\/strong><\/span><\/p>\n<p style=\"text-align: center;\">&nbsp;<\/p>\n<p style=\"text-align: center;\"><span style=\"font-size: 12pt; font-family: arial black,avant garde;\">Les petites d&eacute;votions de Gertrude ne peuvent se passer&nbsp;de l&rsquo;&Eacute;carlate d&rsquo;un lien, d&rsquo;une pointe de sang Rouge, d&rsquo;une affection Magique, d&rsquo;un parfum de Plaie et d&rsquo;un oeil Cardinal.<\/span><\/p>\n<p style=\"text-align: center;\">&nbsp;<\/p>\n<p style=\"text-align: center;\">&nbsp;<\/p>\n<p style=\"text-align: center;\">&nbsp;<\/p>\n<p style=\"text-align: center;\">&nbsp;<\/p>\n<p style=\"text-align: center;\">&nbsp;<\/p>\n<p style=\"text-align: center;\"><img loading=\"lazy\" decoding=\"async\" class=\"CtreTexte\" src=\"..\/ekladata.com\/uglWB7ZeJKhOwYa6NssIE3eQ15Y@375x500.jpg\" alt=\"img_0727.jpg\" width=\"375\" height=\"500\"\/><\/p>\n<p style=\"text-align: center;\"><span style=\"font-size: 8pt;\"><strong><span style=\"font-family: times new roman,times;\">Collage de divers &eacute;l&eacute;ments.<\/span><\/strong><\/span><\/p>\n<p style=\"text-align: center;\">&nbsp;<\/p>\n<p style=\"text-align: center;\">&nbsp; <span style=\"font-size: 12pt; font-family: arial black,avant garde;\">Gertrude sous une apparence organis&eacute;e r&eacute;v&egrave;le les d&eacute;sordres de ses <em>Je<\/em> interactifs.<\/span><\/p>\n<p style=\"text-align: center;\">&nbsp;<\/p>\n<p style=\"text-align: center;\">&nbsp;<\/p>\n<p style=\"text-align: center;\"><span style=\"font-size: 12pt; font-family: arial black,avant garde;\">&nbsp;<\/span><\/p>\n<p style=\"text-align: center;\">&nbsp;<\/p>\n<p style=\"text-align: center;\">&nbsp;<\/p>\n<p style=\"text-align: center;\"><img loading=\"lazy\" decoding=\"async\" class=\"CtreTexte\" src=\"..\/ekladata.com\/aNKEUzSUCzthtCSkMJsTeNG0sd8@225x300.jpg\" alt=\"img_0728.jpg\" width=\"225\" height=\"300\"\/><\/p>\n<p style=\"text-align: center;\"><span style=\"font-size: 8pt;\"><strong><span style=\"font-family: times new roman,times;\">Fragment du cr&acirc;ne de Gertrude, &eacute;prouvette, bouchon de li&egrave;ge.<\/span><\/strong><\/span><\/p>\n<p style=\"text-align: center;\">&nbsp;<\/p>\n<p style=\"text-align: center;\"><span style=\"font-family: arial black,avant garde; font-size: 12pt;\">Les origines de l&rsquo;Os nous jettent dans le trouble d&rsquo;un manque de transparence.<\/span><\/p>\n<p style=\"text-align: center;\">&nbsp;<\/p>\n<p style=\"text-align: center;\">&nbsp;<\/p>\n<p style=\"text-align: center;\">&nbsp;<\/p>\n<p style=\"text-align: center;\">&nbsp;<\/p>\n<p style=\"text-align: center;\">&nbsp;<\/p>\n<p style=\"text-align: center;\"><img loading=\"lazy\" decoding=\"async\" class=\"CtreTexte\" src=\"..\/ekladata.com\/BXYxKT1CnhrDtoScikjcvQ2eIZA@225x300.jpg\" alt=\"img_0730.jpg\" width=\"225\" height=\"300\"\/><\/p>\n<p style=\"text-align: center;\"><span style=\"font-family: times new roman,times; font-size: 8pt;\"><strong>Or, cendre, bitume sous plaques de verre.<\/strong><\/span><\/p>\n<p style=\"text-align: center;\">&nbsp;<\/p>\n<p style=\"text-align: center;\"><span style=\"font-family: arial black,avant garde; font-size: 12pt;\">Une d&eacute;composition ou flotte l&rsquo;ombre d&rsquo;un pass&eacute; lourd en mati&egrave;res.<\/span><\/p>\n<p style=\"text-align: center;\">&nbsp;<\/p>\n<p style=\"text-align: center;\">&nbsp;<\/p>\n<p style=\"text-align: center;\">&nbsp;<\/p>\n<p style=\"text-align: center;\">&nbsp;<\/p>\n<p style=\"text-align: center;\"><img loading=\"lazy\" decoding=\"async\" class=\"CtreTexte\" src=\"..\/ekladata.com\/yzH4Q-rzBOm_yebRSZY6n9beDjs@375x500.jpg\" alt=\"img_0732.jpg\" width=\"375\" height=\"500\"\/><\/p>\n<p style=\"text-align: center;\"><span style=\"font-size: 8pt;\"><strong><span style=\"font-family: times new roman,times;\">JC, acrilyque sur fond de boite de r&eacute;cup&eacute;ration.<\/span><\/strong><\/span><\/p>\n<p style=\"text-align: center;\">&nbsp;<\/p>\n<p style=\"text-align: center;\"><span style=\"font-family: arial black,avant garde; font-size: 12pt;\"><strong>Les fausses perspectives du Virtuel qui serait fen&ecirc;tre ouverte sur le monde mais qui, en r&eacute;alit&eacute;, n&rsquo;est qu&rsquo;une pi&egrave;tre illusion 3D.<\/strong><\/span><\/p>\n<p style=\"text-align: center;\">&nbsp;<\/p>\n<p style=\"text-align: center;\">&nbsp;<\/p>\n<p style=\"text-align: center;\">&nbsp;<\/p>\n<p style=\"text-align: center;\">&nbsp;<\/p>\n<p style=\"text-align: center;\">&nbsp;<\/p>\n<p style=\"text-align: center;\">&nbsp;<img loading=\"lazy\" decoding=\"async\" class=\"CtreTexte\" src=\"..\/ekladata.com\/8HY-0x5r9J1zpsStQueSdcxBdhk@199x300.jpg\" alt=\"img_0610.jpg\" width=\"199\" height=\"300\"\/><\/p>\n<p style=\"text-align: center;\">&nbsp;<\/p>\n<p style=\"text-align: center;\">&nbsp;<\/p>\n<p style=\"text-align: center;\">&nbsp;<\/p>\n<p style=\"text-align: center;\">&nbsp;<\/p>\n<p style=\"text-align: center;\">&nbsp;<\/p>\n<p style=\"text-align: center;\">&nbsp;<\/p>\n","protected":false},"excerpt":{"rendered":"<p>&nbsp; &nbsp; &nbsp; &nbsp; JC, maquette d&rsquo;&eacute;tag&egrave;re, &eacute;l&eacute;ments divers, colle, &eacute;chelle environ 1\/9&egrave;me. &nbsp; &nbsp; O&ugrave; il est &eacute;vident que le Bricolage est une addiction et que l&rsquo;usage trop fr&eacute;quent de la colle tricomposant provoque des effets irr&eacute;versibles. &nbsp; &nbsp; &nbsp; &nbsp; &Eacute;tiquette d&rsquo;origine de l&rsquo;ancienne boite &agrave; bijoux. &nbsp; Les interfaces intersticielles r&eacute;v&egrave;lent les &hellip; <a href=\"https:\/\/juliettecharpentier.fr\/gertrudes\/les-details-de-l-etagere-en-valise-p873842\/\" class=\"more-link\">Continuer la lecture<span class=\"screen-reader-text\"> de &laquo;&nbsp;Les d\u00e9tails de l&rsquo;\u00e9tag\u00e8re en valise&nbsp;&raquo;<\/span><\/a><\/p>\n","protected":false},"author":1,"featured_media":0,"parent":0,"menu_order":0,"comment_status":"open","ping_status":"open","template":"","meta":{"footnotes":""},"class_list":["post-267","page","type-page","status-publish","hentry"],"post_mailing_queue_ids":[],"_links":{"self":[{"href":"https:\/\/juliettecharpentier.fr\/gertrudes\/wp-json\/wp\/v2\/pages\/267","targetHints":{"allow":["GET"]}}],"collection":[{"href":"https:\/\/juliettecharpentier.fr\/gertrudes\/wp-json\/wp\/v2\/pages"}],"about":[{"href":"https:\/\/juliettecharpentier.fr\/gertrudes\/wp-json\/wp\/v2\/types\/page"}],"author":[{"embeddable":true,"href":"https:\/\/juliettecharpentier.fr\/gertrudes\/wp-json\/wp\/v2\/users\/1"}],"replies":[{"embeddable":true,"href":"https:\/\/juliettecharpentier.fr\/gertrudes\/wp-json\/wp\/v2\/comments?post=267"}],"version-history":[{"count":0,"href":"https:\/\/juliettecharpentier.fr\/gertrudes\/wp-json\/wp\/v2\/pages\/267\/revisions"}],"wp:attachment":[{"href":"https:\/\/juliettecharpentier.fr\/gertrudes\/wp-json\/wp\/v2\/media?parent=267"}],"curies":[{"name":"wp","href":"https:\/\/api.w.org\/{rel}","templated":true}]}}